{"id":157,"date":"2017-12-30T10:55:38","date_gmt":"2017-12-30T10:55:38","guid":{"rendered":"http:\/\/vuilehuichelaar.nl\/wordpress\/?page_id=157"},"modified":"2025-02-20T12:44:53","modified_gmt":"2025-02-20T12:44:53","slug":"wie","status":"publish","type":"page","link":"https:\/\/vuilehuichelaar.nl\/?page_id=157","title":{"rendered":"Wie"},"content":{"rendered":"\n<h4 class=\"wp-block-heading\"><strong>Voor vrouwen die ons nog niet kennen:<\/strong><\/h4>\n\n\n<div class=\"wp-block-image\">\n<figure class=\"alignright\"><img loading=\"lazy\" decoding=\"async\" width=\"300\" height=\"205\" src=\"https:\/\/vuilehuichelaar.nl\/wp-content\/uploads\/2018\/05\/saspau-300x205.jpg\" alt=\"\" class=\"wp-image-495\"\/><\/figure>\n<\/div>\n\n\n<p>Paulette Willemse en Saskia van Zutphen werken al samen sinds ze elkaar leerden kennen op de Academie voor Kleinkunst in 1983. Ze hebben elkaar nooit meer los gelaten en laten een spoor van diverse theaterprogramma\u2019s achter.<\/p>\n\n\n\n<p>Begonnen als de groep De Meisjes met Stuck with a Fantasy, meteen beloond met een Zilveren Harp en via de Dutch Swing College Band, Gerard Joling, Koos Mark Big Band, Het Eurovisie Songfestival en alle televisie-programma\u2019s die daarbij hoorden, maakten ze furore als de groep Mrs Einstein.<\/p>\n\n\n<div class=\"wp-block-image\">\n<figure class=\"aligncenter size-full\"><img loading=\"lazy\" decoding=\"async\" width=\"350\" height=\"263\" src=\"https:\/\/vuilehuichelaar.nl\/wp-content\/uploads\/2025\/02\/espeacc-1.jpg\" alt=\"\" class=\"wp-image-11495\" srcset=\"https:\/\/vuilehuichelaar.nl\/wp-content\/uploads\/2025\/02\/espeacc-1.jpg 350w, https:\/\/vuilehuichelaar.nl\/wp-content\/uploads\/2025\/02\/espeacc-1-300x225.jpg 300w\" sizes=\"auto, (max-width: 350px) 100vw, 350px\" \/><\/figure>\n<\/div>\n\n\n<p>Vanaf 2008 zijn ze met de \u2018niets-dekt-de-lading-feel-good-meezing-cabaret-show\u2019 Vuile Huichelaar op tournee.<\/p>\n\n\n\n<p>Na het grote succes van de zes eerdere programma\u2019s \u00e9n een geweldige kerstshow bl\u00edjven duizenden vrouwen in het land (en een enkele man) vragen om m\u00e9\u00e9r.<\/p>\n\n\n\n<p>Inmiddels is Vuile Huichelaar een begrip geworden onder duizenden vrouwen \u00e9n mannen in theaterland. De koninginnen van het meezingcabaret Paulette en Saskia werken alweer aan hun elfde programma. Spits, herkenbaar, krankzinnig en brutaal, maar nooit ordinair is elke show een masterclass in zorgen vergeten, samen zijn, omdenken, pret maken en natuurlijk heel hard zingen. Je kunt hun programma&#8217;s zien als kippensoep voor de ziel! <\/p>\n\n\n\n<p>Wij van Vuile Huichelaar zeggen dan ook: kom naar het theater en ervaar zelf de magische uitwerking van samen lachen en zingen&#8230;<\/p>\n\n\n<div class=\"wp-block-image\">\n<figure class=\"aligncenter size-full\"><img loading=\"lazy\" decoding=\"async\" width=\"266\" height=\"390\" src=\"https:\/\/vuilehuichelaar.nl\/wp-content\/uploads\/2025\/02\/pees2025.jpg\" alt=\"\" class=\"wp-image-11489\" srcset=\"https:\/\/vuilehuichelaar.nl\/wp-content\/uploads\/2025\/02\/pees2025.jpg 266w, https:\/\/vuilehuichelaar.nl\/wp-content\/uploads\/2025\/02\/pees2025-205x300.jpg 205w\" sizes=\"auto, (max-width: 266px) 100vw, 266px\" \/><\/figure>\n<\/div>","protected":false},"excerpt":{"rendered":"<p>Voor vrouwen die ons nog niet kennen: Paulette Willemse en Saskia van Zutphen werken al samen sinds ze elkaar leerden kennen op de Academie voor Kleinkunst in 1983. Ze hebben elkaar nooit meer los gelaten en laten een spoor van diverse theaterprogramma\u2019s achter. Begonnen als de groep De Meisjes met Stuck with a Fantasy, meteen&hellip; <\/p>\n","protected":false},"author":1,"featured_media":0,"parent":0,"menu_order":0,"comment_status":"closed","ping_status":"closed","template":"","meta":{"footnotes":""},"class_list":["post-157","page","type-page","status-publish","hentry"],"_links":{"self":[{"href":"https:\/\/vuilehuichelaar.nl\/index.php?rest_route=\/wp\/v2\/pages\/157","targetHints":{"allow":["GET"]}}],"collection":[{"href":"https:\/\/vuilehuichelaar.nl\/index.php?rest_route=\/wp\/v2\/pages"}],"about":[{"href":"https:\/\/vuilehuichelaar.nl\/index.php?rest_route=\/wp\/v2\/types\/page"}],"author":[{"embeddable":true,"href":"https:\/\/vuilehuichelaar.nl\/index.php?rest_route=\/wp\/v2\/users\/1"}],"replies":[{"embeddable":true,"href":"https:\/\/vuilehuichelaar.nl\/index.php?rest_route=%2Fwp%2Fv2%2Fcomments&post=157"}],"version-history":[{"count":14,"href":"https:\/\/vuilehuichelaar.nl\/index.php?rest_route=\/wp\/v2\/pages\/157\/revisions"}],"predecessor-version":[{"id":11496,"href":"https:\/\/vuilehuichelaar.nl\/index.php?rest_route=\/wp\/v2\/pages\/157\/revisions\/11496"}],"wp:attachment":[{"href":"https:\/\/vuilehuichelaar.nl\/index.php?rest_route=%2Fwp%2Fv2%2Fmedia&parent=157"}],"curies":[{"name":"wp","href":"https:\/\/api.w.org\/{rel}","templated":true}]}}